{"id":115,"date":"2017-12-08T07:42:56","date_gmt":"2017-12-08T07:42:56","guid":{"rendered":"http:\/\/spitze-beratung.de\/?page_id=115"},"modified":"2023-08-07T16:14:59","modified_gmt":"2023-08-07T16:14:59","slug":"wissensmanagement-einfuehren","status":"publish","type":"page","link":"https:\/\/spitze-beratung.de\/?page_id=115","title":{"rendered":"Wissensmanagement einf\u00fchren"},"content":{"rendered":"\t\t<div data-elementor-type=\"wp-page\" data-elementor-id=\"115\" class=\"elementor elementor-115\">\n\t\t\t\t\t\t<section class=\"elementor-section elementor-top-section elementor-element elementor-element-12dd9be9 elementor-section-boxed elementor-section-height-default elementor-section-height-default\" data-id=\"12dd9be9\" data-element_type=\"section\" data-e-type=\"section\">\n\t\t\t\t\t\t<div class=\"elementor-container elementor-column-gap-default\">\n\t\t\t\t\t<div class=\"elementor-column elementor-col-100 elementor-top-column elementor-element elementor-element-6e82d112\" data-id=\"6e82d112\" data-element_type=\"column\" data-e-type=\"column\">\n\t\t\t<div class=\"elementor-widget-wrap elementor-element-populated\">\n\t\t\t\t\t\t<div class=\"elementor-element elementor-element-803f87c elementor-widget elementor-widget-text-editor\" data-id=\"803f87c\" data-element_type=\"widget\" data-e-type=\"widget\" data-widget_type=\"text-editor.default\">\n\t\t\t\t<div class=\"elementor-widget-container\">\n\t\t\t\t\t\t\t\t\t<p>Die DIN EN ISO 9001:2015 f\u00fchrt die Ressource Wissen ein.<\/p>\n<p>Wissen ist ein strategischer Erfolgsfaktor f\u00fcr jede Organisation.<\/p>\n<p>Der Zugang zum Wissen in einem Unternehmen muss organisiert werden.<\/p>\n<p>Wissensmanagement schafft Strukturen, die den Zugang zum Wissen im Unternehmen erm\u00f6glichen.<\/p>\t\t\t\t\t\t\t\t<\/div>\n\t\t\t\t<\/div>\n\t\t\t\t<div class=\"elementor-element elementor-element-4167e5d2 elementor-widget elementor-widget-text-editor\" data-id=\"4167e5d2\" data-element_type=\"widget\" data-e-type=\"widget\" data-widget_type=\"text-editor.default\">\n\t\t\t\t<div class=\"elementor-widget-container\">\n\t\t\t\t\t\t\t\t\t<p><\/p>\n<p>\u00a0<\/p>\n<p><\/p>\n<p><\/p>\n<div class=\"wp-block-image\">\n<figure class=\"aligncenter\"><img fetchpriority=\"high\" decoding=\"async\" width=\"300\" height=\"225\" class=\"wp-image-911\" src=\"http:\/\/spitze-beratung.de\/wp-content\/uploads\/2019\/09\/Unknown-300x225.png\" alt=\"\" srcset=\"https:\/\/spitze-beratung.de\/wp-content\/uploads\/2019\/09\/Unknown-300x225.png 300w, https:\/\/spitze-beratung.de\/wp-content\/uploads\/2019\/09\/Unknown-768x576.png 768w, https:\/\/spitze-beratung.de\/wp-content\/uploads\/2019\/09\/Unknown-1024x768.png 1024w\" sizes=\"(max-width: 300px) 100vw, 300px\" \/>\n<p>\u00a0<\/p>\n<figcaption>Wissensgebiete im Unternehmen<\/figcaption>\n<\/figure>\n<\/div>\n<p><\/p>\t\t\t\t\t\t\t\t<\/div>\n\t\t\t\t<\/div>\n\t\t\t\t\t<\/div>\n\t\t<\/div>\n\t\t\t\t\t<\/div>\n\t\t<\/section>\n\t\t\t\t<\/div>\n\t\t","protected":false},"excerpt":{"rendered":"<p>Die DIN EN ISO 9001:2015 f\u00fchrt die Ressource Wissen ein. Wissen ist ein strategischer Erfolgsfaktor f\u00fcr jede Organisation. Der Zugang zum Wissen in einem Unternehmen muss organisiert werden. Wissensmanagement schafft &hellip; <\/p>\n<p class=\"link-more\"><a href=\"https:\/\/spitze-beratung.de\/?page_id=115\" class=\"more-link\">Mehr <span class=\"screen-reader-text\">\u00fcber &#8222;Wissensmanagement einf\u00fchren&#8220; <\/span>Lesen<\/a><\/p>\n","protected":false},"author":1,"featured_media":0,"parent":0,"menu_order":0,"comment_status":"closed","ping_status":"closed","template":"","meta":{"saved_in_kubio":false,"footnotes":""},"class_list":["post-115","page","type-page","status-publish","hentry"],"kubio_ai_page_context":{"short_desc":"","purpose":"general"},"yoast_head":"<!-- This site is optimized with the Yoast SEO plugin v27.5 - https:\/\/yoast.com\/product\/yoast-seo-wordpress\/ -->\n<title>Wissensmanagement einf\u00fchren - spitze-Beratung<\/title>\n<meta name=\"robots\" content=\"index, follow, max-snippet:-1, max-image-preview:large, max-video-preview:-1\" \/>\n<link rel=\"canonical\" href=\"https:\/\/spitze-beratung.de\/?page_id=115\" \/>\n<meta property=\"og:locale\" content=\"de_DE\" \/>\n<meta property=\"og:type\" content=\"article\" \/>\n<meta property=\"og:title\" content=\"Wissensmanagement einf\u00fchren - spitze-Beratung\" \/>\n<meta property=\"og:description\" content=\"Die DIN EN ISO 9001:2015 f\u00fchrt die Ressource Wissen ein. Wissen ist ein strategischer Erfolgsfaktor f\u00fcr jede Organisation. Der Zugang zum Wissen in einem Unternehmen muss organisiert werden. Wissensmanagement schafft &hellip; Mehr \u00fcber &quot;Wissensmanagement einf\u00fchren&quot; Lesen\" \/>\n<meta property=\"og:url\" content=\"https:\/\/spitze-beratung.de\/?page_id=115\" \/>\n<meta property=\"og:site_name\" content=\"spitze-Beratung\" \/>\n<meta property=\"article:modified_time\" content=\"2023-08-07T16:14:59+00:00\" \/>\n<meta property=\"og:image\" content=\"http:\/\/spitze-beratung.de\/wp-content\/uploads\/2019\/09\/Unknown-300x225.png\" \/>\n<meta name=\"twitter:card\" content=\"summary_large_image\" \/>\n<meta name=\"twitter:label1\" content=\"Gesch\u00e4tzte Lesezeit\" \/>\n\t<meta name=\"twitter:data1\" content=\"1\u00a0Minute\" \/>\n<script type=\"application\/ld+json\" class=\"yoast-schema-graph\">{\"@context\":\"https:\\\/\\\/schema.org\",\"@graph\":[{\"@type\":\"WebPage\",\"@id\":\"https:\\\/\\\/spitze-beratung.de\\\/?page_id=115\",\"url\":\"https:\\\/\\\/spitze-beratung.de\\\/?page_id=115\",\"name\":\"Wissensmanagement einf\u00fchren - spitze-Beratung\",\"isPartOf\":{\"@id\":\"https:\\\/\\\/spitze-beratung.de\\\/#website\"},\"primaryImageOfPage\":{\"@id\":\"https:\\\/\\\/spitze-beratung.de\\\/?page_id=115#primaryimage\"},\"image\":{\"@id\":\"https:\\\/\\\/spitze-beratung.de\\\/?page_id=115#primaryimage\"},\"thumbnailUrl\":\"http:\\\/\\\/spitze-beratung.de\\\/wp-content\\\/uploads\\\/2019\\\/09\\\/Unknown-300x225.png\",\"datePublished\":\"2017-12-08T07:42:56+00:00\",\"dateModified\":\"2023-08-07T16:14:59+00:00\",\"breadcrumb\":{\"@id\":\"https:\\\/\\\/spitze-beratung.de\\\/?page_id=115#breadcrumb\"},\"inLanguage\":\"de\",\"potentialAction\":[{\"@type\":\"ReadAction\",\"target\":[\"https:\\\/\\\/spitze-beratung.de\\\/?page_id=115\"]}]},{\"@type\":\"ImageObject\",\"inLanguage\":\"de\",\"@id\":\"https:\\\/\\\/spitze-beratung.de\\\/?page_id=115#primaryimage\",\"url\":\"https:\\\/\\\/spitze-beratung.de\\\/wp-content\\\/uploads\\\/2019\\\/09\\\/Unknown.png\",\"contentUrl\":\"https:\\\/\\\/spitze-beratung.de\\\/wp-content\\\/uploads\\\/2019\\\/09\\\/Unknown.png\",\"width\":2732,\"height\":2048},{\"@type\":\"BreadcrumbList\",\"@id\":\"https:\\\/\\\/spitze-beratung.de\\\/?page_id=115#breadcrumb\",\"itemListElement\":[{\"@type\":\"ListItem\",\"position\":1,\"name\":\"Startseite\",\"item\":\"https:\\\/\\\/spitze-beratung.de\\\/\"},{\"@type\":\"ListItem\",\"position\":2,\"name\":\"Wissensmanagement einf\u00fchren\"}]},{\"@type\":\"WebSite\",\"@id\":\"https:\\\/\\\/spitze-beratung.de\\\/#website\",\"url\":\"https:\\\/\\\/spitze-beratung.de\\\/\",\"name\":\"spitze-Beratung\",\"description\":\"Wir bringen Sie an die Spitze!\",\"publisher\":{\"@id\":\"https:\\\/\\\/spitze-beratung.de\\\/#organization\"},\"potentialAction\":[{\"@type\":\"SearchAction\",\"target\":{\"@type\":\"EntryPoint\",\"urlTemplate\":\"https:\\\/\\\/spitze-beratung.de\\\/?s={search_term_string}\"},\"query-input\":{\"@type\":\"PropertyValueSpecification\",\"valueRequired\":true,\"valueName\":\"search_term_string\"}}],\"inLanguage\":\"de\"},{\"@type\":\"Organization\",\"@id\":\"https:\\\/\\\/spitze-beratung.de\\\/#organization\",\"name\":\"spitze.Beratung\",\"url\":\"https:\\\/\\\/spitze-beratung.de\\\/\",\"logo\":{\"@type\":\"ImageObject\",\"inLanguage\":\"de\",\"@id\":\"https:\\\/\\\/spitze-beratung.de\\\/#\\\/schema\\\/logo\\\/image\\\/\",\"url\":\"https:\\\/\\\/spitze-beratung.de\\\/wp-content\\\/uploads\\\/2019\\\/08\\\/spitzelogokurvetext.gif\",\"contentUrl\":\"https:\\\/\\\/spitze-beratung.de\\\/wp-content\\\/uploads\\\/2019\\\/08\\\/spitzelogokurvetext.gif\",\"width\":1202,\"height\":390,\"caption\":\"spitze.Beratung\"},\"image\":{\"@id\":\"https:\\\/\\\/spitze-beratung.de\\\/#\\\/schema\\\/logo\\\/image\\\/\"}}]}<\/script>\n<!-- \/ Yoast SEO plugin. -->","yoast_head_json":{"title":"Wissensmanagement einf\u00fchren - spitze-Beratung","robots":{"index":"index","follow":"follow","max-snippet":"max-snippet:-1","max-image-preview":"max-image-preview:large","max-video-preview":"max-video-preview:-1"},"canonical":"https:\/\/spitze-beratung.de\/?page_id=115","og_locale":"de_DE","og_type":"article","og_title":"Wissensmanagement einf\u00fchren - spitze-Beratung","og_description":"Die DIN EN ISO 9001:2015 f\u00fchrt die Ressource Wissen ein. Wissen ist ein strategischer Erfolgsfaktor f\u00fcr jede Organisation. Der Zugang zum Wissen in einem Unternehmen muss organisiert werden. Wissensmanagement schafft &hellip; Mehr \u00fcber \"Wissensmanagement einf\u00fchren\" Lesen","og_url":"https:\/\/spitze-beratung.de\/?page_id=115","og_site_name":"spitze-Beratung","article_modified_time":"2023-08-07T16:14:59+00:00","og_image":[{"url":"http:\/\/spitze-beratung.de\/wp-content\/uploads\/2019\/09\/Unknown-300x225.png","type":"","width":"","height":""}],"twitter_card":"summary_large_image","twitter_misc":{"Gesch\u00e4tzte Lesezeit":"1\u00a0Minute"},"schema":{"@context":"https:\/\/schema.org","@graph":[{"@type":"WebPage","@id":"https:\/\/spitze-beratung.de\/?page_id=115","url":"https:\/\/spitze-beratung.de\/?page_id=115","name":"Wissensmanagement einf\u00fchren - spitze-Beratung","isPartOf":{"@id":"https:\/\/spitze-beratung.de\/#website"},"primaryImageOfPage":{"@id":"https:\/\/spitze-beratung.de\/?page_id=115#primaryimage"},"image":{"@id":"https:\/\/spitze-beratung.de\/?page_id=115#primaryimage"},"thumbnailUrl":"http:\/\/spitze-beratung.de\/wp-content\/uploads\/2019\/09\/Unknown-300x225.png","datePublished":"2017-12-08T07:42:56+00:00","dateModified":"2023-08-07T16:14:59+00:00","breadcrumb":{"@id":"https:\/\/spitze-beratung.de\/?page_id=115#breadcrumb"},"inLanguage":"de","potentialAction":[{"@type":"ReadAction","target":["https:\/\/spitze-beratung.de\/?page_id=115"]}]},{"@type":"ImageObject","inLanguage":"de","@id":"https:\/\/spitze-beratung.de\/?page_id=115#primaryimage","url":"https:\/\/spitze-beratung.de\/wp-content\/uploads\/2019\/09\/Unknown.png","contentUrl":"https:\/\/spitze-beratung.de\/wp-content\/uploads\/2019\/09\/Unknown.png","width":2732,"height":2048},{"@type":"BreadcrumbList","@id":"https:\/\/spitze-beratung.de\/?page_id=115#breadcrumb","itemListElement":[{"@type":"ListItem","position":1,"name":"Startseite","item":"https:\/\/spitze-beratung.de\/"},{"@type":"ListItem","position":2,"name":"Wissensmanagement einf\u00fchren"}]},{"@type":"WebSite","@id":"https:\/\/spitze-beratung.de\/#website","url":"https:\/\/spitze-beratung.de\/","name":"spitze-Beratung","description":"Wir bringen Sie an die Spitze!","publisher":{"@id":"https:\/\/spitze-beratung.de\/#organization"},"potentialAction":[{"@type":"SearchAction","target":{"@type":"EntryPoint","urlTemplate":"https:\/\/spitze-beratung.de\/?s={search_term_string}"},"query-input":{"@type":"PropertyValueSpecification","valueRequired":true,"valueName":"search_term_string"}}],"inLanguage":"de"},{"@type":"Organization","@id":"https:\/\/spitze-beratung.de\/#organization","name":"spitze.Beratung","url":"https:\/\/spitze-beratung.de\/","logo":{"@type":"ImageObject","inLanguage":"de","@id":"https:\/\/spitze-beratung.de\/#\/schema\/logo\/image\/","url":"https:\/\/spitze-beratung.de\/wp-content\/uploads\/2019\/08\/spitzelogokurvetext.gif","contentUrl":"https:\/\/spitze-beratung.de\/wp-content\/uploads\/2019\/08\/spitzelogokurvetext.gif","width":1202,"height":390,"caption":"spitze.Beratung"},"image":{"@id":"https:\/\/spitze-beratung.de\/#\/schema\/logo\/image\/"}}]}},"jetpack_sharing_enabled":true,"_links":{"self":[{"href":"https:\/\/spitze-beratung.de\/index.php?rest_route=\/wp\/v2\/pages\/115","targetHints":{"allow":["GET"]}}],"collection":[{"href":"https:\/\/spitze-beratung.de\/index.php?rest_route=\/wp\/v2\/pages"}],"about":[{"href":"https:\/\/spitze-beratung.de\/index.php?rest_route=\/wp\/v2\/types\/page"}],"author":[{"embeddable":true,"href":"https:\/\/spitze-beratung.de\/index.php?rest_route=\/wp\/v2\/users\/1"}],"replies":[{"embeddable":true,"href":"https:\/\/spitze-beratung.de\/index.php?rest_route=%2Fwp%2Fv2%2Fcomments&post=115"}],"version-history":[{"count":7,"href":"https:\/\/spitze-beratung.de\/index.php?rest_route=\/wp\/v2\/pages\/115\/revisions"}],"predecessor-version":[{"id":1108,"href":"https:\/\/spitze-beratung.de\/index.php?rest_route=\/wp\/v2\/pages\/115\/revisions\/1108"}],"wp:attachment":[{"href":"https:\/\/spitze-beratung.de\/index.php?rest_route=%2Fwp%2Fv2%2Fmedia&parent=115"}],"curies":[{"name":"wp","href":"https:\/\/api.w.org\/{rel}","templated":true}]}}